{"id":1833,"date":"2020-02-05T10:55:55","date_gmt":"2020-02-05T09:55:55","guid":{"rendered":"https:\/\/www.helgelandbetong.no\/aktuelt\/"},"modified":"2020-02-05T10:55:55","modified_gmt":"2020-02-05T09:55:55","slug":"aktuelt","status":"publish","type":"page","link":"https:\/\/helgelandferdigbetong.no\/en\/aktuelt\/","title":{"rendered":"Betong og milj\u00f8"},"content":{"rendered":"<figure class=\"wp-block-image size-large\"><img loading=\"lazy\" decoding=\"async\" width=\"1024\" height=\"442\" src=\"https:\/\/www.helgelandbetong.no\/wp-content\/uploads\/2020\/02\/oppl\u00f8sning1-1024x442.jpg\" alt=\"Betong og milj\u00f8 - energioversikt\" class=\"wp-image-971\" srcset=\"https:\/\/helgelandferdigbetong.no\/wp-content\/uploads\/2020\/02\/oppl\u00f8sning1-1024x442.jpg 1024w, https:\/\/helgelandferdigbetong.no\/wp-content\/uploads\/2020\/02\/oppl\u00f8sning1-300x129.jpg 300w, https:\/\/helgelandferdigbetong.no\/wp-content\/uploads\/2020\/02\/oppl\u00f8sning1-768x331.jpg 768w, https:\/\/helgelandferdigbetong.no\/wp-content\/uploads\/2020\/02\/oppl\u00f8sning1.jpg 1090w\" sizes=\"auto, (max-width: 1024px) 100vw, 1024px\" \/><\/figure>\n<p>Helgeland Betong utvikler seg hele tiden. Betong og milj\u00f8 har f\u00e5tt \u00f8kt oppmerksomhet de siste \u00e5rene, og byggeindustrien har f\u00e5tt en viktig rolle i reduksjon av klimagassutslipp. Alle er p\u00e5virket av utviklingen og m\u00e5 forholde seg til den. Helgeland Betong \u00f8nsker \u00e5 gj\u00f8re dette enkelt for alle som samarbeider med oss.<\/p>\n<p>Nye krav skaper nye l\u00f8sninger. P\u00e5 denne siden kan du lese mer om Helgeland Betongs milj\u00f8tiltak, samt utviklingen generelt.  <\/p>\n<h2 class=\"wp-block-heading\">Environmental Product Declaration <\/h2>\n<div class=\"wp-block-columns is-layout-flex wp-container-core-columns-is-layout-9d6595d7 wp-block-columns-is-layout-flex\">\n<div class=\"wp-block-column is-layout-flow wp-block-column-is-layout-flow\">\n<p>En &#8220;EPD&#8221; er et dokument om milj\u00f8prestasjonen til et produkt, komponent eller tjeneste. For \u00e5 vite hvordan et bygg vil p\u00e5virke milj\u00f8et m\u00e5 beslutningstakere vurdere de ulike produktene som skal brukes i konstruksjonen. EPD gj\u00f8r valget enkelt. EPD baserer seg p\u00e5 internasjonale standarder og verifiseres av en uavhengig tredjepart. Litt som informasjon om n\u00e6ringsinnhold p\u00e5 matvarer. I Norge er det <a href=\"https:\/\/www.epd-norge.no\/\">epd-norge<\/a> som verifiserer byggematerialer.<\/p>\n<p>Se filmen for en kort innf\u00f8ring i EPD.<\/p>\n<p>I malene som tegner opp Norge skal det ikke v\u00e6re mulig \u00e5 tilby lavkarbonbetong klasse B og A s\u00e5 langt nord. Men vi i Helgeland Betong strekker oss litt lenger. Tidlig i 2020 kunne vi stolt produsere og levere b\u00e5de <a href=\"https:\/\/www.epd-norge.no\/ferdig-betong\/lavkarbonbetong-kl-b-b35-m45-d-16-uredusert-synk-260mm-silica-standard-fa-article2425-317.html\">klasse B<\/a> og <a href=\"https:\/\/www.epd-norge.no\/ferdig-betong\/lavkarbonbetong-kl-a-b35-m45-d-16-uredusert-synk-200mm-standard-fa-article2434-317.html\">klasse A<\/a>.<\/p>\n<\/div>\n<div class=\"wp-block-column is-layout-flow wp-block-column-is-layout-flow\">\n<figure class=\"wp-block-embed-youtube wp-block-embed is-type-video is-provider-youtube wp-embed-aspect-16-9 wp-has-aspect-ratio\">\n<div class=\"wp-block-embed__wrapper\">\n<iframe loading=\"lazy\" title=\"EPD-Norge &quot;EPD for Dummies&quot;\" width=\"500\" height=\"281\" src=\"https:\/\/www.youtube.com\/embed\/g8egvshD_Sc?feature=oembed\" frameborder=\"0\" allow=\"accelerometer; autoplay; clipboard-write; encrypted-media; gyroscope; picture-in-picture; web-share\" referrerpolicy=\"strict-origin-when-cross-origin\" allowfullscreen><\/iframe>\n<\/div>\n<\/figure>\n<p><!--EndFragment--><\/p>\n<\/div>\n<\/div>\n<h2 class=\"wp-block-heading\">Kortreiste r\u00e5varer for betong og milj\u00f8.<\/h2>\n<div class=\"wp-block-columns is-layout-flex wp-container-core-columns-is-layout-9d6595d7 wp-block-columns-is-layout-flex\">\n<div class=\"wp-block-column is-layout-flow wp-block-column-is-layout-flow\">\n<ul class=\"wp-block-list\">\n<li>Vi henter sand fra Altermarka.<\/li>\n<li>Stein f\u00e5r vi fra Helgeland Pukkverk i Austvika.<\/li>\n<li>Silika er et biprodukt fra Elkem Rana i Mo Industripark.<\/li>\n<li>Sementen finnes i <a href=\"http:\/\/www.norcem.no\">Norcemsiloen<\/a> p\u00e5 Toraneskaia.<\/li>\n<\/ul>\n<p>Samarbeidet med lokale akt\u00f8rer har v\u00e6rt veldig viktig i v\u00e5rt m\u00f8te med nye milj\u00f8utfordringer. Et annet tiltak er overgangen til elektrisk kraft i produksjonen, fremfor diesel. Hele str\u00f8mforbruket styres med et fullverdig str\u00f8mstyringsprogram. Vi tidsinnstillinger energikilder, kontrollerer vannforbruket og justerer effekten kontinuerlig. Dette har resultert i en \u00e5rlig besparelse i str\u00f8mforbruket p\u00e5 over 10%. Betraktelig, n\u00e5r en bruker ca. 2 millioner kwh. Vi har en varmepumpe som henter varme fra 4 000 meter med r\u00f8r i Ranelva. Dette hjelper ogs\u00e5 p\u00e5 energibruken, ettersom varmen hjelper med oppvarming av vann og gulv.<\/p>\n<\/div>\n<div class=\"wp-block-column is-layout-flow wp-block-column-is-layout-flow\">\n<figure><iframe src=\"https:\/\/player.vimeo.com\/video\/385482646?title=0&amp;byline=0&amp;portrait=0\" style=\"position:absolute;top:0;left:0;width:100%;height:100%;\" frameborder=\"0\" allow=\"autoplay; fullscreen\" allowfullscreen=\"\"><\/iframe><\/figure>\n<\/div>\n<\/div>\n<figure class=\"wp-block-image size-large\"><img loading=\"lazy\" decoding=\"async\" width=\"1090\" height=\"510\" src=\"https:\/\/www.helgelandbetong.no\/wp-content\/uploads\/2020\/02\/sand.jpg\" alt=\"Betong og milj\u00f8 - energisparing ved smart lagring\" class=\"wp-image-1074\" srcset=\"https:\/\/helgelandferdigbetong.no\/wp-content\/uploads\/2020\/02\/sand.jpg 1090w, https:\/\/helgelandferdigbetong.no\/wp-content\/uploads\/2020\/02\/sand-300x140.jpg 300w, https:\/\/helgelandferdigbetong.no\/wp-content\/uploads\/2020\/02\/sand-1024x479.jpg 1024w, https:\/\/helgelandferdigbetong.no\/wp-content\/uploads\/2020\/02\/sand-768x359.jpg 768w\" sizes=\"auto, (max-width: 1090px) 100vw, 1090px\" \/><\/figure>\n<h2 class=\"wp-block-heading\">Milj\u00f8messige tiltak <\/h2>\n<div class=\"wp-block-columns is-layout-flex wp-container-core-columns-is-layout-9d6595d7 wp-block-columns-is-layout-flex\">\n<div class=\"wp-block-column is-layout-flow wp-block-column-is-layout-flow\">\n<p>Helgeland Betong produserer b\u00e5de <a href=\"https:\/\/www.helgelandbetong.no\/produkter\/\">Euro Block og sperrestein<\/a> av restbetong. Samtidig har vi innf\u00f8rt \u00f8konomisk gebyr p\u00e5 restbetong fra kj\u00f8pere. Dette har gjort kundene flinkere til \u00e5 bestille korrekte mengder betong. Vi selger mindre, men slipper \u00e5 destruere. Dette sparer b\u00e5de betong og milj\u00f8.<\/p>\n<h2 class=\"wp-block-heading\">Blanderiet<\/h2>\n<p>I nyere tid har Helgeland Betong gjort en rekke tiltak for \u00e5 tilfredsstille kunders krav til betong. Hos oss f\u00e5r du betongen slik du har beskrevet den, p\u00e5 alle lass, til riktig pris og riktig tid. Mye av det som gj\u00f8r betongen milj\u00f8vennlig, av h\u00f8y kvalitet og lav p\u00e5 pris, skjer p\u00e5 blanderiet.<\/p>\n<p>P\u00e5 blanderiet har vi \u00f8kt stabiliteten p\u00e5 tilslaget, forbedret mengdekapasiteten i kaldt vinterklima, effektivisert det elektriske forbruket og modifisert produksjonssystemet. Vi lagrer stein og sand under tak, bruker nye varmtvannstanker og en varmepumpe. Vi bruker mer elektrisk str\u00f8m fremfor diesel, og har et nytt produksjons- og str\u00f8mstyringssystem.<\/p>\n<p>Blanderiet har en 2,25 m\u00b3 blander som kan produsere 35 m\u00b3 vanlig betong i timen i snitt. Vi kan produsere 24\/7, i alle temperaturer, \u00e5ret rundt.<\/p>\n<p>Sagt med andre ord: Vi leverer, alltid!<\/p>\n<\/div>\n<div class=\"wp-block-column is-layout-flow wp-block-column-is-layout-flow\">\n<figure class=\"wp-block-image size-large\"><a href=\"https:\/\/www.ranablad.no\/helgeland-betong\/betong\/privat-naringsliv\/leverer-betong-med-miljoregnskap-na-kan-vi-levere-betong-i-sa-lav-karbonklasse-som-epd-norge-ikke-tenkte-var-mulig-sa-langt-nord\/s\/5-42-638345\"><img loading=\"lazy\" decoding=\"async\" width=\"1024\" height=\"906\" src=\"https:\/\/www.helgelandbetong.no\/wp-content\/uploads\/2020\/08\/Skjermbilde-2020-08-18-kl.-20.25.51-1-1024x906.jpg\" alt=\"\" class=\"wp-image-1164\" srcset=\"https:\/\/helgelandferdigbetong.no\/wp-content\/uploads\/2020\/08\/Skjermbilde-2020-08-18-kl.-20.25.51-1-1024x906.jpg 1024w, https:\/\/helgelandferdigbetong.no\/wp-content\/uploads\/2020\/08\/Skjermbilde-2020-08-18-kl.-20.25.51-1-300x265.jpg 300w, https:\/\/helgelandferdigbetong.no\/wp-content\/uploads\/2020\/08\/Skjermbilde-2020-08-18-kl.-20.25.51-1-768x680.jpg 768w, https:\/\/helgelandferdigbetong.no\/wp-content\/uploads\/2020\/08\/Skjermbilde-2020-08-18-kl.-20.25.51-1.jpg 1424w\" sizes=\"auto, (max-width: 1024px) 100vw, 1024px\" \/><\/a><\/figure>\n<p class=\"has-text-align-center\"><a href=\"https:\/\/www.ranablad.no\/helgeland-betong\/betong\/privat-naringsliv\/leverer-betong-med-miljoregnskap-na-kan-vi-levere-betong-i-sa-lav-karbonklasse-som-epd-norge-ikke-tenkte-var-mulig-sa-langt-nord\/s\/5-42-638345\" target=\"_blank\" rel=\"noreferrer noopener\">Les hva RanaBlad skrev om milj\u00f8regnskapet v\u00e5rt.<br \/>NB: Krever abonnement.<\/a><\/p>\n<\/div>\n<\/div>\n<h3 class=\"wp-block-heading\">Kvalitet<\/h3>\n<p>Kvalitet p\u00e5 betongen er viktig. Bommer man med 0.5% fukt i tilslaget, blir betongen n\u00e6rmest ubrukelig. Derfor lagrer vi stein og sand under tak og varmer det opp etter behov. Vi har et Polarmatic-anlegg som varmer opp sand og stein ved innlasting, s\u00e5nn at vi ikke lagrer isklumper. Tilslaget blir siktet f\u00f8r det n\u00e5r innelageret, slik at kunder ikke f\u00e5r u\u00f8nskede klumper i betongen.<\/p>\n<figure class=\"wp-block-image size-large\"><img loading=\"lazy\" decoding=\"async\" width=\"1024\" height=\"479\" src=\"https:\/\/www.helgelandbetong.no\/wp-content\/uploads\/2020\/02\/sikt-1024x479.jpg\" alt=\"Betong og milj\u00f8 - sikting\" class=\"wp-image-1073\" srcset=\"https:\/\/helgelandferdigbetong.no\/wp-content\/uploads\/2020\/02\/sikt-1024x479.jpg 1024w, https:\/\/helgelandferdigbetong.no\/wp-content\/uploads\/2020\/02\/sikt-300x140.jpg 300w, https:\/\/helgelandferdigbetong.no\/wp-content\/uploads\/2020\/02\/sikt-768x359.jpg 768w, https:\/\/helgelandferdigbetong.no\/wp-content\/uploads\/2020\/02\/sikt.jpg 1090w\" sizes=\"auto, (max-width: 1024px) 100vw, 1024px\" \/><\/figure>\n<h2 class=\"wp-block-heading\">3D og smart programvare <\/h2>\n<div class=\"wp-block-columns is-layout-flex wp-container-core-columns-is-layout-9d6595d7 wp-block-columns-is-layout-flex\">\n<div class=\"wp-block-column is-layout-flow wp-block-column-is-layout-flow\">\n<p>\u00c5 v\u00e6re kunde hos Helgeland Betong skal v\u00e6re enkelt. Vi forst\u00e5r at du trenger stabilitet i leveringen, effektivitet, klar informasjon om produktet og produksjonen.<\/p>\n<p>Helgeland Betong f\u00f8lger med p\u00e5 den digitale utviklingen i industrien. Med 3D-programmet <em>Impact<\/em>, kan flere akt\u00f8rer f\u00f8lge hele byggeprosessen fortl\u00f8pende. Vi kan modellere hele bygget, samle data om prefabrikkerte betongelementer og hente ut rapporter og tegninger.<\/p>\n<p>Dette lar deg ta presise avgj\u00f8relser, visualisere arbeidet, jobbe effektivt og unng\u00e5 misforst\u00e5elser. Her er en kort video som forklarer hvordan programmet fungerer:<\/p>\n<\/div>\n<div class=\"wp-block-column is-layout-flow wp-block-column-is-layout-flow\">\n<figure class=\"wp-block-embed-youtube wp-block-embed is-type-video is-provider-youtube wp-embed-aspect-16-9 wp-has-aspect-ratio\">\n<div class=\"wp-block-embed__wrapper\">\n<iframe loading=\"lazy\" title=\"Strusoft IMPACT Introduction, Animated - UK - Precast Concrete Software\" width=\"500\" height=\"281\" src=\"https:\/\/www.youtube.com\/embed\/1GW3UZy455M?feature=oembed\" frameborder=\"0\" allow=\"accelerometer; autoplay; clipboard-write; encrypted-media; gyroscope; picture-in-picture; web-share\" referrerpolicy=\"strict-origin-when-cross-origin\" allowfullscreen><\/iframe>\n<\/div>\n<\/figure>\n<\/div>\n<\/div>\n<h2 class=\"has-text-align-center wp-block-heading\">Forskning, utvikling og veien fremover <\/h2>\n<div class=\"wp-block-columns is-layout-flex wp-container-core-columns-is-layout-9d6595d7 wp-block-columns-is-layout-flex\">\n<div class=\"wp-block-column is-layout-flow wp-block-column-is-layout-flow\">\n<p>Helgeland Betong \u00f8nsker \u00e5 fortsette som ledende i utviklingen av industrien. Vi har nylig gjennomf\u00f8rt spennende FoU forskning og ser p\u00e5 muligheter til \u00e5 bruke slaggen fra Mo Industripark i betongen v\u00e5r. Her gjenst\u00e5r det mye forskning, men vi ser store muligheter for b\u00e5de betongen og regionen i tiden fremover.<\/p>\n<p>Her er litt aktuell forskning:<\/p>\n<ul class=\"wp-block-list\">\n<li><a href=\"https:\/\/forskning.no\/materialteknologi-miljo-ntnu\/en-vill-id-kan-bli-til-miljovennlig-betong\/1317522\">En vill id\u00e9 kan bli til milj\u00f8vennlig betong<\/a><\/li>\n<li><a href=\"https:\/\/forskning.no\/uit-norges-arktiske-universitet\/millioner-til-gjenvinning-av-betong\/1330263\">Millioner til gjenvinning av betong<\/a><\/li>\n<li><a href=\"https:\/\/forskning.no\/materialteknologi-ntnu-partner\/betongen-er-sa-sterk-fordi-den-er-sa-svak\/1575176\">Betongen er s\u00e5 sterk fordi den er s\u00e5 svak<\/a><\/li>\n<li><a href=\"https:\/\/www.sintef.no\/siste-nytt\/vi-ma-bruke-mer-kortreist-stein-til-veibygging\/\">Vi m\u00e5 bruke mer kortreist stein til bygging av vei og bane<\/a><\/li>\n<\/ul>\n<p>Selv har vi utviklet spesialresepter p\u00e5 betongen som reduserer CO2-verdiene. Disse reseptene er utpr\u00f8vd i forbindelse med utvidelsen av Nasjonalbiblioteket med stor suksess. Vi er med p\u00e5 laget for \u00e5 kunne halvere CO2-regnskapet til NBR fra forrige byggetrinn.<\/p>\n<\/div>\n<div class=\"wp-block-column is-layout-flow wp-block-column-is-layout-flow\">\n<figure><iframe src=\"https:\/\/player.vimeo.com\/video\/385486843?title=0&amp;byline=0&amp;portrait=0\" style=\"position:absolute;top:0;left:0;width:100%;height:100%;\" frameborder=\"0\" allow=\"autoplay; fullscreen\" allowfullscreen=\"\"><\/iframe><\/figure>\n<p class=\"has-text-align-center\">Helgeland Betong er opptatt \u00e5 bruke moderne verkt\u00f8y for \u00e5 s\u00f8rge for presisjon i alle faser av samarbeidet. M\u00e5let er \u00e5 gj\u00f8re opplevelsen enkel og informasjon tilgjengelig.<\/p>\n<\/div>\n<\/div>\n<div class=\"wp-block-columns is-layout-flex wp-container-core-columns-is-layout-9d6595d7 wp-block-columns-is-layout-flex\">\n<div class=\"wp-block-column is-layout-flow wp-block-column-is-layout-flow\">\n<p>Transport\u00f8ren v\u00e5r, Polartrans har nylig investert i nye betongbiler med Euro 6 motorer. Ny studie viser at dieselmotorer som m\u00f8ter Euro 6d-TEMP-standarden faktisk absorberer svevest\u00f8v fra luften. <\/p>\n<p>Ved bruk av v\u00e5rt nye produksjonsprogram planlegges oppstart av betongproduksjonen f\u00f8r betongbilen ankommer blanderiet. Samtidig sender systemet en automatisk varsling om at bilen er p\u00e5 vei. Dette medf\u00f8rer mindre tomgangskj\u00f8ring og effektiviserer hele oppdraget.<\/p>\n<\/div>\n<div class=\"wp-block-column is-layout-flow wp-block-column-is-layout-flow\">\n<h4 class=\"has-text-align-center wp-block-heading\">Litt om kapasiteten v\u00e5r <\/h4>\n<ul class=\"wp-block-list\">\n<li>Lageret fylles med 18000 tonn sand f\u00f8r vinteren<\/li>\n<li>6000 tonn sand lagres under tak.<\/li>\n<li>Singellager p\u00e5 1800 tonn.<\/li>\n<li>Kjemitanker p\u00e5 22000 liter.<\/li>\n<li>12500 liter varmtvann.<\/li>\n<\/ul>\n<\/div>\n<\/div>\n<p class=\"has-text-align-right\"><a href=\"https:\/\/www.facebook.com\/helgelandbetong\/\">F\u00f8lg oss p\u00e5 Facebook for flere oppdateringer p\u00e5 utviklingen.<\/a><\/p>\n<div class=\"wp-block-button aligncenter\"><a class=\"wp-block-button__link\" href=\"https:\/\/www.helgelandbetong.no\/kontakt\/\">Kontakt oss om ditt prosjekt <\/a><\/div>\n","protected":false},"excerpt":{"rendered":"<p>Helgeland Betong utvikler seg hele tiden. Betong og milj\u00f8 har f\u00e5tt \u00f8kt oppmerksomhet de siste \u00e5rene, og byggeindustrien har f\u00e5tt en viktig rolle i reduksjon av klimagassutslipp. Alle er p\u00e5virket av utviklingen og m\u00e5 forholde seg til den. Helgeland Betong \u00f8nsker \u00e5 gj\u00f8re dette enkelt for alle som samarbeider med oss. Nye krav skaper nye [&hellip;]<\/p>","protected":false},"author":2,"featured_media":0,"parent":0,"menu_order":0,"comment_status":"closed","ping_status":"closed","template":"","meta":{"_acf_changed":false,"footnotes":""},"class_list":["post-1833","page","type-page","status-publish","hentry"],"acf":[],"_links":{"self":[{"href":"https:\/\/helgelandferdigbetong.no\/en\/wp-json\/wp\/v2\/pages\/1833","targetHints":{"allow":["GET"]}}],"collection":[{"href":"https:\/\/helgelandferdigbetong.no\/en\/wp-json\/wp\/v2\/pages"}],"about":[{"href":"https:\/\/helgelandferdigbetong.no\/en\/wp-json\/wp\/v2\/types\/page"}],"author":[{"embeddable":true,"href":"https:\/\/helgelandferdigbetong.no\/en\/wp-json\/wp\/v2\/users\/2"}],"replies":[{"embeddable":true,"href":"https:\/\/helgelandferdigbetong.no\/en\/wp-json\/wp\/v2\/comments?post=1833"}],"version-history":[{"count":0,"href":"https:\/\/helgelandferdigbetong.no\/en\/wp-json\/wp\/v2\/pages\/1833\/revisions"}],"wp:attachment":[{"href":"https:\/\/helgelandferdigbetong.no\/en\/wp-json\/wp\/v2\/media?parent=1833"}],"curies":[{"name":"wp","href":"https:\/\/api.w.org\/{rel}","templated":true}]}}