{"id":1834,"date":"2018-10-02T19:02:37","date_gmt":"2018-10-02T17:02:37","guid":{"rendered":"https:\/\/www.helgelandbetong.no\/personvern\/"},"modified":"2022-11-25T14:58:30","modified_gmt":"2022-11-25T13:58:30","slug":"personvern","status":"publish","type":"page","link":"https:\/\/helgelandferdigbetong.no\/en\/personvern\/","title":{"rendered":"Personvern"},"content":{"rendered":"<h2>Personvernerkl\u00e6ring<\/h2>\n<p>N\u00e5r du bruker nettsiden v\u00e5r og\/eller er i kontakt med oss p\u00e5 annen m\u00e5te vil vi i noen utstrekning m\u00e5tte behandle personopplysninger om deg. Nedenfor finner du derfor informasjon om personopplysninger som samles inn, hvorfor vi gj\u00f8r dette og dine rettigheter knyttet til behandlingen av personopplysningene.<\/p>\n<p>Behandlingsansvarlig for personopplysningene vi behandler er Helgeland Ferdigbetong AS ved Daglig leder. Kontaktinformasjonen til daglig leder er:<\/p>\n<p>Adresse: Nesnaveien 59, 8614 Mo i Rana<br \/>\nE-post: <a href=\"mailto:sb@helgelandbetong.no\">vr@helgelandferdigbetong.no<\/a><br \/>\nTlf: 47466425<br \/>\nOrganisasjonsnr.: 929\u00a0267\u00a0281<\/p>\n<p>For sp\u00f8rsm\u00e5l du m\u00e5tte ha om v\u00e5r behandling av dine personopplysninger kan du kontakte daglig leder med kontaktinformasjonen ovenfor.<\/p>\n<h4>1. Hvorfor samler vi inn personopplysninger og hva slags informasjon samler vi inn<\/h4>\n<p>Vi samler inn og bruker dine personopplysninger til ulike form\u00e5l avhengig av hvem du er og hvordan vi kommer i kontakt med deg. Vi samler inn f\u00f8lgende personopplysninger til form\u00e5lene angitt her:<\/p>\n<ol>\n<li>Sende ut markedsf\u00f8ring, nyhetsbrev og gi informasjon om v\u00e5r virksomhet: E-postadresse. Behandlingen skjer p\u00e5 grunnlag av avtale med deg eller berettiget interesse.<\/li>\n<li>Besvare henvendelser som kommer inn til oss. Navn, telefonnummer, e-postadresse og eventuelle personopplysninger som m\u00e5tte f\u00f8lge av henvendelsen. Behandlingen av personopplysninger skjer p\u00e5 grunnlag av en interesseavveining. Vi har vurdert det hensiktsmessig \u00e5 besvare henvendelser p\u00e5 en adekvat m\u00e5te ved bruk av den data du betror oss.<\/li>\n<li>Rekruttering til nye stillinger oss hos. CV, s\u00f8knad, attester og referanser. Behandling av personopplysninger skjer p\u00e5 grunnlag av samtykke som du har gitt ved oversendelse til oss.<\/li>\n<li>Oppfylle avtaler eller leveranser vi inng\u00e5r med deg som kunde hos oss. Behandlingen skjer da for \u00e5 oppfylle en avtale og en rettslig forpliktelse etter blant annet bokf\u00f8ringsloven.<\/li>\n<\/ol>\n<h4>2.\u00a0Utlevering av personopplysninger til andre<\/h4>\n<p>Vi gir ikke personopplysningene dine videre til andre med mindre det foreligger et lovlig grunnlag for slik utlevering. Bedriften bruker databehandlere til \u00e5 samle inn, lagre eller p\u00e5 annen m\u00e5te behandle personopplysninger p\u00e5 v\u00e5re vegne. I slike tilfeller har vi inng\u00e5tt avtaler for \u00e5 ivareta informasjonssikkerheten i alle ledd av behandlingen. \u00d8nsker du \u00e5 vite mer om hvilke tilbydere vi benytter oss av, vil daglig leder kunne kontaktes via kontaktinformasjonen i dokumentets innledning.<\/p>\n<p>All behandling av personopplysninger som vi foretar skjer innenfor EU\/E\u00d8S-omr\u00e5det.<\/p>\n<h4>3. Lagringstid<\/h4>\n<p>Vi lagrer dine personopplysninger hos oss s\u00e5 lenge det er n\u00f8dvendig for det form\u00e5l personopplysningene ble samlet inn for.<\/p>\n<p>Dette betyr for eksempel at personopplysninger som vi behandler p\u00e5 grunnlag av ditt samtykke slettes, hvis du trekker ditt samtykke. Personopplysninger vi behandler for \u00e5 oppfylle en avtale med deg slettes n\u00e5r avtalen er oppfylt og alle plikter som f\u00f8lger av avtaleforholdet er oppfylt.<\/p>\n<h4>4. Dine rettigheter n\u00e5r vi behandler personopplysninger om deg<\/h4>\n<p>Du har rett til \u00e5 kreve innsyn, retting eller sletting av personopplysningene vi behandler om deg. Du har videre rett til \u00e5 kreve begrenset behandling, rette innsigelse mot behandlingen og kreve rett til dataportabilitet. Du kan lese mer om innholdet i disse rettighetene p\u00e5\u00a0<a href=\"https:\/\/www.datatilsynet.no\">Datatilsynets nettside<\/a>.<\/p>\n<p>For \u00e5 ta i bruk dine rettigheter m\u00e5 du rette skriftlig begj\u00e6ring til daglig leder. Vi vil svare p\u00e5 din henvendelse til oss s\u00e5 fort som mulig, og senest innen 30 dager.<\/p>\n<p>Vi vil be deg om \u00e5 bekrefte identiteten din eller \u00e5 oppgi ytterligere informasjon f\u00f8r vi lar deg ta i bruk dine rettigheter overfor oss. Dette gj\u00f8r vi for \u00e5 v\u00e6re sikre p\u00e5 at vi kun gir tilgang til dine personopplysninger til deg &#8211; og ikke noen som gir seg ut for \u00e5 v\u00e6re deg.<\/p>\n<p>Du kan til enhver tid trekke tilbake ditt samtykke for behandling av personopplysninger hos oss. Den enkleste m\u00e5ten \u00e5 gj\u00f8re dette p\u00e5, er \u00e5 ved skriftlig henvendelse til daglig leder.<\/p>\n<h4>5. Klager<\/h4>\n<p>Dersom du mener at v\u00e5r behandling av personopplysninger ikke stemmer med det vi har beskrevet her eller at vi p\u00e5 andre m\u00e5ter bryter personvernlovgivningen, s\u00e5 kan du klage til Datatilsynet.<\/p>\n<p>Du finner informasjon om hvordan kontakte Datatilsynet p\u00e5 <a href=\"https:\/\/www.datatilsynet.no\">Datatilsynets nettside<\/a>.<\/p>\n<h4>6. Endringer<\/h4>\n<p>Hvis det skulle skje endring av v\u00e5re tjenester eller endringer i regelverket om behandling av personopplysninger, kan det medf\u00f8re forandring i informasjonen du er gitt her. Hvis vi har dine kontaktopplysninger vil vi gj\u00f8re deg oppmerksom p\u00e5 disse forandringene. Ellers vil oppdatert informasjon alltid finnes lett tilgjengelig p\u00e5 v\u00e5r nettside.<\/p>\n","protected":false},"excerpt":{"rendered":"<p>Personvernerkl\u00e6ring N\u00e5r du bruker nettsiden v\u00e5r og\/eller er i kontakt med oss p\u00e5 annen m\u00e5te vil vi i noen utstrekning m\u00e5tte behandle personopplysninger om deg. Nedenfor finner du derfor informasjon om personopplysninger som samles inn, hvorfor vi gj\u00f8r dette og dine rettigheter knyttet til behandlingen av personopplysningene. Behandlingsansvarlig for personopplysningene vi behandler er Helgeland Ferdigbetong [&hellip;]<\/p>","protected":false},"author":1,"featured_media":0,"parent":0,"menu_order":0,"comment_status":"closed","ping_status":"closed","template":"","meta":{"_acf_changed":false,"footnotes":""},"class_list":["post-1834","page","type-page","status-publish","hentry"],"acf":[],"_links":{"self":[{"href":"https:\/\/helgelandferdigbetong.no\/en\/wp-json\/wp\/v2\/pages\/1834","targetHints":{"allow":["GET"]}}],"collection":[{"href":"https:\/\/helgelandferdigbetong.no\/en\/wp-json\/wp\/v2\/pages"}],"about":[{"href":"https:\/\/helgelandferdigbetong.no\/en\/wp-json\/wp\/v2\/types\/page"}],"author":[{"embeddable":true,"href":"https:\/\/helgelandferdigbetong.no\/en\/wp-json\/wp\/v2\/users\/1"}],"replies":[{"embeddable":true,"href":"https:\/\/helgelandferdigbetong.no\/en\/wp-json\/wp\/v2\/comments?post=1834"}],"version-history":[{"count":0,"href":"https:\/\/helgelandferdigbetong.no\/en\/wp-json\/wp\/v2\/pages\/1834\/revisions"}],"wp:attachment":[{"href":"https:\/\/helgelandferdigbetong.no\/en\/wp-json\/wp\/v2\/media?parent=1834"}],"curies":[{"name":"wp","href":"https:\/\/api.w.org\/{rel}","templated":true}]}}