{"id":1836,"date":"2016-03-08T11:16:26","date_gmt":"2016-03-08T10:16:26","guid":{"rendered":"https:\/\/www.helgelandbetong.no\/sponsor\/"},"modified":"2022-01-06T14:32:24","modified_gmt":"2022-01-06T13:32:24","slug":"sponsor","status":"publish","type":"page","link":"https:\/\/helgelandferdigbetong.no\/en\/sponsor\/","title":{"rendered":"Sponsor"},"content":{"rendered":"<h3>Sponsing til barn og ungdom<\/h3>\n<p><a href=\"http:\/\/www.helgelandbetong.no\/wp-content\/uploads\/2016\/03\/fotball.jpg\" rel=\"attachment wp-att-437\"><img loading=\"lazy\" decoding=\"async\" class=\"alignnone size-full wp-image-437\" src=\"http:\/\/www.helgelandbetong.no\/wp-content\/uploads\/2016\/03\/fotball.jpg\" alt=\"fotball\" width=\"1000\" height=\"400\" srcset=\"https:\/\/helgelandferdigbetong.no\/wp-content\/uploads\/2016\/03\/fotball.jpg 1000w, https:\/\/helgelandferdigbetong.no\/wp-content\/uploads\/2016\/03\/fotball-300x120.jpg 300w, https:\/\/helgelandferdigbetong.no\/wp-content\/uploads\/2016\/03\/fotball-768x307.jpg 768w\" sizes=\"auto, (max-width: 1000px) 100vw, 1000px\" \/><\/a><\/p>\n<p>Nye drakter, reise til Norway-Cup eller nytt utstyr?<\/p>\n<p>Vi i Helgeland Betong er opptatt av gode fritidstilbud for barn og ungdom i regionen, og sponser gjerne b\u00e5de idrett- og kulturaktiviteter.<\/p>\n<p>Fyll ut s\u00f8knadsskjemaet p\u00e5 denne siden. S\u00f8knadsfristen er 1. mai 2016<\/p>\n<p><em>Hvem kan s\u00f8ke: B\u00e5de idrettslag og kulturtilbud for barn- og ungdom fra Nordland kan s\u00f8ke om sponsormidler fra Helgeland Betong.<\/em><\/p>\n<p>&nbsp;<\/p>\n","protected":false},"excerpt":{"rendered":"<p>Sponsing til barn og ungdom Nye drakter, reise til Norway-Cup eller nytt utstyr? Vi i Helgeland Betong er opptatt av gode fritidstilbud for barn og ungdom i regionen, og sponser gjerne b\u00e5de idrett- og kulturaktiviteter. Fyll ut s\u00f8knadsskjemaet p\u00e5 denne siden. S\u00f8knadsfristen er 1. mai 2016 Hvem kan s\u00f8ke: B\u00e5de idrettslag og kulturtilbud for barn- [&hellip;]<\/p>","protected":false},"author":1,"featured_media":0,"parent":0,"menu_order":0,"comment_status":"closed","ping_status":"closed","template":"page-to-kolonner.php","meta":{"_acf_changed":false,"footnotes":""},"class_list":["post-1836","page","type-page","status-publish","hentry"],"acf":[],"_links":{"self":[{"href":"https:\/\/helgelandferdigbetong.no\/en\/wp-json\/wp\/v2\/pages\/1836","targetHints":{"allow":["GET"]}}],"collection":[{"href":"https:\/\/helgelandferdigbetong.no\/en\/wp-json\/wp\/v2\/pages"}],"about":[{"href":"https:\/\/helgelandferdigbetong.no\/en\/wp-json\/wp\/v2\/types\/page"}],"author":[{"embeddable":true,"href":"https:\/\/helgelandferdigbetong.no\/en\/wp-json\/wp\/v2\/users\/1"}],"replies":[{"embeddable":true,"href":"https:\/\/helgelandferdigbetong.no\/en\/wp-json\/wp\/v2\/comments?post=1836"}],"version-history":[{"count":0,"href":"https:\/\/helgelandferdigbetong.no\/en\/wp-json\/wp\/v2\/pages\/1836\/revisions"}],"wp:attachment":[{"href":"https:\/\/helgelandferdigbetong.no\/en\/wp-json\/wp\/v2\/media?parent=1836"}],"curies":[{"name":"wp","href":"https:\/\/api.w.org\/{rel}","templated":true}]}}